{"id":91596470512,"date":"2024-11-28T07:53:10","date_gmt":"2024-11-28T06:53:10","guid":{"rendered":"https:\/\/neue-augen.de\/legal-notice\/"},"modified":"2024-11-28T07:53:10","modified_gmt":"2024-11-28T06:53:10","slug":"legal-notice","status":"publish","type":"page","link":"https:\/\/neue-augen.de\/en\/legal-notice\/","title":{"rendered":"Legal Notice"},"content":{"rendered":"\n<div class=\"wp-block-group is-layout-constrained wp-block-group-is-layout-constrained\"><h1 class=\"wp-block-heading\" id=\"banyai-augenheilkunde-gbr-medical-practice-partnership\">B\u00e1nyai Augenheilkunde GbR | Medical Practice Partnership<\/h1>\n\n\n<p><strong>Dr. Liliana-Iulia B\u00e1nyai<\/strong>&nbsp;| Specialist in Ophthalmology<\/p>\n\n\n\n<figure class=\"wp-block-table\"><table class=\"has-fixed-layout\"><tbody><tr><td><strong>Location Leonberg<\/strong><br>Leonberger Stra\u00dfe 97<br>71229 Leonberg<br>Tel. +49 7152 42 98 3<br>Fax +49 7152 90 700 56<\/td><td><strong>Location Ditzingen<\/strong><br>Marktstra\u00dfe 6\/1<br>71254 Ditzingen<br>Tel. +49 7156 31 55 5<br>Fax +49 7156 17 55 98 5<\/td><td><strong>Location Weil der Stadt<\/strong><br>Kolpingweg 2<br>71263 Weil der Stadt<br>Tel. +49 7033 60 30<br>Fax +49 7033 21 98<\/td><td><strong>Location Botnang<\/strong><br>Griegstra\u00dfe 25<br>70195 Stuttgart<br>Tel. +49 711 694222<br>Fax +49 711 694202<\/td><\/tr><tr><td><strong>Location Feuerbach<\/strong><br>Stuttgarter Str. 100,<br>70469 Feuerbach<br>Tel. +49 711 85 12 08<br>Fax +49 7152 90 700 56<\/td><td><strong>Location Stuttgart<\/strong><br>Friedrichstrasse 7 (Zeppelincarr\u00e9)<br>70174 Stuttgart<br>Tel. +49 711 99 33 39 59<br>Fax +49 7156 17 55 98 5<\/td><td><strong>Augenzentrum B\u00e1nyai \u2013 Medizinische Versorgungszentren GmbH<\/strong><br>Location B\u00f6blingen<br>Paul-Lechler-Passage 5<br>71034 B\u00f6blingen<br>Tel. +49 7031 81 80 79 3<br>Fax +49 7031 81 80 79 4<\/td><td><strong>Eye Laser Center B\u00e1nyai in Karlsruhe<\/strong><br>Akademiestra\u00dfe 49<br>76133 Karlsruhe<br>+49 721 9099920<\/td><\/tr><\/tbody><\/table><\/figure>\n\n\n\n<p><strong>B\u00e1nyai Augenheilkunde GbR<\/strong><br>Medical Practice Partnership<br>Dr. Liliana-Iulia B\u00e1nyai<br>Specialist in Ophthalmology<br>Leonberger Strasse 97<br>71229 Leonberg<\/p>\n\n\n\n<p>Office: Marktstrasse 6\/1, 71254 Ditzingen<\/p>\n\n\n\n<p>Augenzentrum B\u00e1nyai \u2013 Medizinische Versorgungszentren GmbH<br>Location B\u00f6blingen<br>Paul-Lechler-Passage 5<br>71034 B\u00f6blingen<br>Tel. +49 7031 81 80 79 3<br>Fax +49 7031 81 80 79 4<\/p>\n\n\n\n<p>HRB No. 761212 \/ AG Stuttgart<br>VAT ID No.: DE287421624<\/p>\n\n\n\n<p>Responsible KV:<br>KV Nord-W\u00fcrttemberg<br>KV No. 610456300<\/p>\n\n\n\n<p><strong>Supervisory authority(ies):<\/strong><br>Kassen\u00e4rztliche Vereinigung Baden-W\u00fcrttemberg,<br>Bezirks\u00e4rztekammer Nordw\u00fcrttemberg<\/p>\n\n\n\n<p><strong>Professional title:<\/strong><br>Specialist in Ophthalmology (awarded in the Federal Republic of Germany)<br>Responsible chamber: State Medical Association of Baden-W\u00fcrttemberg, Jahnstra\u00dfe 40, 70597 Stuttgart<\/p>\n\n\n\n<p><strong>Professional regulations:<\/strong><br>Professional regulations of the State Medical Association of Baden-W\u00fcrttemberg:<br><a href=\"http:\/\/www.aerztekammer-bw.de\/10aerzte\/40merkblaetter\/20recht\/05kammerrecht\/bo.pdf\" target=\"_blank\" rel=\"noreferrer noopener\">www.aerztekammer-bw.de\/10aerzte\/40merkblaetter\/20recht\/05kammerrecht\/bo.pdf<\/a><br>Healthcare Professions Act of the State of Baden-W\u00fcrttemberg:<br><a href=\"http:\/\/www.aerztekammer-bw.de\/10aerzte\/40merkblaetter\/20recht\/10gesetze\/hbkg.pdf\" target=\"_blank\" rel=\"noreferrer noopener\">www.aerztekammer-bw.de\/10aerzte\/40merkblaetter\/20recht\/10gesetze\/hbkg.pdf<\/a><br>Further information for patients can be found on the website of the State Medical Association of Baden-W\u00fcrttemberg at: www.aerztekammer-bw.de<\/p>\n\n\n\n<p><strong>Responsible for the content according to \u00a7 55 para. 2 RStV:<\/strong><br>Dr.\u00a0<a href=\"https:\/\/neue-augen.de\/doctor-medic-liliana-banyai\/\">Liliana B\u00e1nyai<\/a><br>Leonberger Str. 97<br>D-71229 Leonberg (near Stuttgart)<br><a href=\"mailto:stuttgart@neue-augen.de\" target=\"_blank\" rel=\"noreferrer noopener\">stuttgart@neue-augen.de<\/a><\/p>\n\n\n\n<p><strong>Industry photos:<\/strong><br>Alcon Pharma GmbH, AMO Abbott, Polytech Ophthalmologie GmbH, Carl Zeiss AG.<br>All rights to logos, graphics, videos and images of the presented providers belong to the respective rights holder.<br>Used with permission.<\/p>\n\n\n\n<p><strong>Data protection:<\/strong><br>Detailed information on the provisions of the General Data Protection Regulation (GDPR) can be found here on the&nbsp;<a href=\"https:\/\/neue-augen.de\/datenschutzerklaerung\/\">privacy policy page.<\/a><\/p>\n\n\n<h2 class=\"wp-block-heading\" id=\"disclaimer\">Disclaimer<\/h2>\n\n\n<p><strong>Liability for content<\/strong><br>As a service provider, we are responsible according to \u00a7 7 para. 1 TMG for our own content on these pages under the general laws. According to \u00a7\u00a7 8 to 10 TMG, however, we as a service provider are not obliged to monitor transmitted or stored third\u2011party information or to investigate circumstances that indicate illegal activity. Obligations to remove or block the use of information under the general laws remain unaffected. Liability in this regard is, however, only possible from the time of knowledge of a specific infringement. If we become aware of such violations, we will remove this content immediately.<\/p>\n\n\n\n<p><strong>Liability for links<\/strong><br>Our offer contains links to external websites of third parties, over whose content we have no influence. Therefore, we cannot assume any liability for this third\u2011party content. The respective provider or operator of the linked pages is always responsible for their content. The linked pages were checked for possible legal violations at the time of linking. Illegal content was not recognizable at the time of linking. However, permanent content monitoring of the linked pages is unreasonable without concrete indications of an infringement. If we become aware of any infringements, we will remove such links immediately.<\/p>\n\n\n\n<p><strong>Copyright<\/strong><br>The content and works created by the site operators on these pages are subject to German copyright law. Reproduction, processing, distribution and any kind of exploitation beyond the limits of copyright law require the written consent of the respective author or creator. Downloads and copies of this page are permitted only for private, non\u2011commercial use. Insofar as the content on this site was not created by the operator, the copyrights of third parties are observed. In particular, third\u2011party content is identified as such. Should you nevertheless become aware of a copyright infringement, please inform us accordingly. If we become aware of legal violations, we will remove such content immediately.<\/p>\n\n\n\n<p><strong>Use and disclosure of personal data<\/strong><br>Insofar as you have provided us with personal data, we only use it to answer your inquiries, to process contracts concluded with us and for technical administration. Your personal data will only be passed on to third parties or otherwise transmitted if this is necessary for the purpose of contract processing, if this is necessary for billing purposes, or if you have previously given your consent. You have the right to revoke your consent at any time with effect for the future. The stored personal data will be deleted if you revoke your consent to their storage, if their retention is no longer necessary to fulfil the purpose for which they were stored, or if their storage is inadmissible for other legal reasons. We are happy to provide you with information about the personal data stored by us.<\/p>\n\n\n\n<p><strong>Image rights<\/strong><\/p>\n\n\n\n<p>\u00a9 Ridofranz \/ www.istockphoto.com \/&nbsp;<a href=\"https:\/\/neue-augen.de\/presbyond\/\">Presbyond<\/a><br>\u00a9 PeopleImages \/ www.istockphoto.com \/&nbsp;<a href=\"https:\/\/neue-augen.de\/en\/contact\/\">Contact<\/a><br>\u00a9 Halfpoint \/ www.istockphoto.com \/&nbsp;<a href=\"https:\/\/neue-augen.de\/altersweitsichtigkeit-lasern\/\">Presbyopia (laser)<\/a><br>\u00a9 LuckyBusiness\/ www.istockphoto.com \/ Keratoconus<br>\u00a9 Halfpoint\/ www.istockphoto.com \/ Macular degeneration (AMD)<br>\u00a9 Ridofranz\/ www.istockphoto.com \/Presbyopia<br>\u00a9 Wavebreakmedia\/ www.istockphoto.com \/&nbsp;<a href=\"https:\/\/neue-augen.de\/grauer-star-wann-spaetestens-operieren\/\">Cataract operations<\/a><br>\u00a9 keport\/ www.istockphoto.com \/ Risks<br>Shutterstock.com<\/p>\n\n\n\n<p>Here you will find a complete overview of&nbsp;<a href=\"https:\/\/neue-augen.de\/augen-lasern\/\">laser eye surgery<\/a>. If you would like to book a consultation, you can do so at our <a href=\"https:\/\/neue-augen.de\/augenlasern-stuttgart\/\" data-type=\"page\" data-id=\"91596464812\">laser eye center in Stuttgart<\/a> or at the <a href=\"https:\/\/neue-augen.de\/augenlasern-karlsruhe\/\" data-type=\"page\" data-id=\"91596464808\">laser eye center in Karlsruhe<\/a>.<\/p>\n\n\n<h2 class=\"wp-block-heading\" id=\"ongoing-online-marketing\">Ongoing Online Marketing<\/h2>\n\n\n<p>Conception, creation and ongoing optimization of the website, ongoing development of texts and content, performance marketing and inbound marketing are carried&nbsp;<a href=\"https:\/\/www.klixpert.io\/\" target=\"_blank\" rel=\"noreferrer noopener\">out<\/a>&nbsp;by Klixpert.io &#8211; the Growth Marketing Agency: <strong>Digital. Sales. Now.<\/strong><\/p>\n<\/div>\n","protected":false},"excerpt":{"rendered":"<p>B\u00e1nyai Augenheilkunde GbR | Medical Practice Partnership Dr. Liliana-Iulia B\u00e1nyai&nbsp;| Specialist in Ophthalmology Location LeonbergLeonberger Stra\u00dfe 9771229 LeonbergTel. +49 7152 42 98 3Fax +49 7152 90 700 56 Location DitzingenMarktstra\u00dfe 6\/171254 DitzingenTel. +49 7156 31 55 5Fax +49 7156 17 55 98 5 Location Weil der StadtKolpingweg 271263 Weil der StadtTel. +49 7033 60 30Fax [&hellip;]<\/p>\n","protected":false},"author":1,"featured_media":0,"parent":0,"menu_order":7,"comment_status":"closed","ping_status":"closed","template":"","meta":{"footnotes":""},"class_list":["post-91596470512","page","type-page","status-publish","hentry"],"_links":{"self":[{"href":"https:\/\/neue-augen.de\/en\/wp-json\/wp\/v2\/pages\/91596470512","targetHints":{"allow":["GET"]}}],"collection":[{"href":"https:\/\/neue-augen.de\/en\/wp-json\/wp\/v2\/pages"}],"about":[{"href":"https:\/\/neue-augen.de\/en\/wp-json\/wp\/v2\/types\/page"}],"author":[{"embeddable":true,"href":"https:\/\/neue-augen.de\/en\/wp-json\/wp\/v2\/users\/1"}],"replies":[{"embeddable":true,"href":"https:\/\/neue-augen.de\/en\/wp-json\/wp\/v2\/comments?post=91596470512"}],"version-history":[{"count":0,"href":"https:\/\/neue-augen.de\/en\/wp-json\/wp\/v2\/pages\/91596470512\/revisions"}],"wp:attachment":[{"href":"https:\/\/neue-augen.de\/en\/wp-json\/wp\/v2\/media?parent=91596470512"}],"curies":[{"name":"wp","href":"https:\/\/api.w.org\/{rel}","templated":true}]}}